{"id":76,"date":"2024-12-01T15:21:00","date_gmt":"2024-12-01T14:21:00","guid":{"rendered":"http:\/\/hundegarderobe.dyndns.org\/?page_id=76"},"modified":"2024-12-22T12:22:13","modified_gmt":"2024-12-22T11:22:13","slug":"galerie","status":"publish","type":"page","link":"https:\/\/hundegarderobe.hobby-site.com\/index.php\/galerie\/","title":{"rendered":"Galerie"},"content":{"rendered":"\n<figure class=\"wp-block-gallery has-nested-images columns-2 is-cropped wp-block-gallery-1 is-layout-flex wp-block-gallery-is-layout-flex\">\n<figure class=\"wp-block-image size-large\"><img loading=\"lazy\" decoding=\"async\" width=\"1024\" height=\"532\" data-id=\"230\" src=\"https:\/\/hundegarderobe.hobby-site.com\/wp-content\/uploads\/2024\/12\/Hundegarderobe9-Enola-2024-1024x532.jpg\" alt=\"\" class=\"wp-image-230\" srcset=\"https:\/\/hundegarderobe.hobby-site.com\/wp-content\/uploads\/2024\/12\/Hundegarderobe9-Enola-2024-1024x532.jpg 1024w, https:\/\/hundegarderobe.hobby-site.com\/wp-content\/uploads\/2024\/12\/Hundegarderobe9-Enola-2024-300x156.jpg 300w, https:\/\/hundegarderobe.hobby-site.com\/wp-content\/uploads\/2024\/12\/Hundegarderobe9-Enola-2024-768x399.jpg 768w, https:\/\/hundegarderobe.hobby-site.com\/wp-content\/uploads\/2024\/12\/Hundegarderobe9-Enola-2024-1536x797.jpg 1536w, https:\/\/hundegarderobe.hobby-site.com\/wp-content\/uploads\/2024\/12\/Hundegarderobe9-Enola-2024.jpg 2048w\" sizes=\"auto, (max-width: 1024px) 100vw, 1024px\" \/><\/figure>\n\n\n\n<figure class=\"wp-block-image size-large\"><img loading=\"lazy\" decoding=\"async\" width=\"1024\" height=\"570\" data-id=\"222\" src=\"https:\/\/hundegarderobe.hobby-site.com\/wp-content\/uploads\/2024\/12\/Hundegarderobe8-Joyce-2024-1024x570.jpg\" alt=\"\" class=\"wp-image-222\" srcset=\"https:\/\/hundegarderobe.hobby-site.com\/wp-content\/uploads\/2024\/12\/Hundegarderobe8-Joyce-2024-1024x570.jpg 1024w, https:\/\/hundegarderobe.hobby-site.com\/wp-content\/uploads\/2024\/12\/Hundegarderobe8-Joyce-2024-300x167.jpg 300w, https:\/\/hundegarderobe.hobby-site.com\/wp-content\/uploads\/2024\/12\/Hundegarderobe8-Joyce-2024-768x427.jpg 768w, https:\/\/hundegarderobe.hobby-site.com\/wp-content\/uploads\/2024\/12\/Hundegarderobe8-Joyce-2024-1536x854.jpg 1536w, https:\/\/hundegarderobe.hobby-site.com\/wp-content\/uploads\/2024\/12\/Hundegarderobe8-Joyce-2024.jpg 2048w\" sizes=\"auto, (max-width: 1024px) 100vw, 1024px\" \/><\/figure>\n\n\n\n<figure class=\"wp-block-image size-large\"><img loading=\"lazy\" decoding=\"async\" width=\"1024\" height=\"531\" data-id=\"221\" src=\"https:\/\/hundegarderobe.hobby-site.com\/wp-content\/uploads\/2024\/12\/Hundegarderobe7-Zuechterin-2024-1024x531.jpg\" alt=\"\" class=\"wp-image-221\" srcset=\"https:\/\/hundegarderobe.hobby-site.com\/wp-content\/uploads\/2024\/12\/Hundegarderobe7-Zuechterin-2024-1024x531.jpg 1024w, https:\/\/hundegarderobe.hobby-site.com\/wp-content\/uploads\/2024\/12\/Hundegarderobe7-Zuechterin-2024-300x155.jpg 300w, https:\/\/hundegarderobe.hobby-site.com\/wp-content\/uploads\/2024\/12\/Hundegarderobe7-Zuechterin-2024-768x398.jpg 768w, https:\/\/hundegarderobe.hobby-site.com\/wp-content\/uploads\/2024\/12\/Hundegarderobe7-Zuechterin-2024-1536x796.jpg 1536w, https:\/\/hundegarderobe.hobby-site.com\/wp-content\/uploads\/2024\/12\/Hundegarderobe7-Zuechterin-2024.jpg 2048w\" sizes=\"auto, (max-width: 1024px) 100vw, 1024px\" \/><\/figure>\n\n\n\n<figure class=\"wp-block-image size-large\"><img loading=\"lazy\" decoding=\"async\" width=\"960\" height=\"528\" data-id=\"220\" src=\"https:\/\/hundegarderobe.hobby-site.com\/wp-content\/uploads\/2024\/12\/Hundegarderobe6-2017-rotated.jpg\" alt=\"\" class=\"wp-image-220\" srcset=\"https:\/\/hundegarderobe.hobby-site.com\/wp-content\/uploads\/2024\/12\/Hundegarderobe6-2017-rotated.jpg 960w, https:\/\/hundegarderobe.hobby-site.com\/wp-content\/uploads\/2024\/12\/Hundegarderobe6-2017-300x165.jpg 300w, https:\/\/hundegarderobe.hobby-site.com\/wp-content\/uploads\/2024\/12\/Hundegarderobe6-2017-768x422.jpg 768w\" sizes=\"auto, (max-width: 960px) 100vw, 960px\" \/><\/figure>\n\n\n\n<figure class=\"wp-block-image size-large\"><img loading=\"lazy\" decoding=\"async\" width=\"1024\" height=\"576\" data-id=\"219\" src=\"https:\/\/hundegarderobe.hobby-site.com\/wp-content\/uploads\/2024\/12\/Hundegarderobe5-2017-1024x576.jpg\" alt=\"\" class=\"wp-image-219\" srcset=\"https:\/\/hundegarderobe.hobby-site.com\/wp-content\/uploads\/2024\/12\/Hundegarderobe5-2017-1024x576.jpg 1024w, https:\/\/hundegarderobe.hobby-site.com\/wp-content\/uploads\/2024\/12\/Hundegarderobe5-2017-300x169.jpg 300w, https:\/\/hundegarderobe.hobby-site.com\/wp-content\/uploads\/2024\/12\/Hundegarderobe5-2017-768x432.jpg 768w, https:\/\/hundegarderobe.hobby-site.com\/wp-content\/uploads\/2024\/12\/Hundegarderobe5-2017.jpg 1440w\" sizes=\"auto, (max-width: 1024px) 100vw, 1024px\" \/><\/figure>\n\n\n\n<figure class=\"wp-block-image size-large\"><img loading=\"lazy\" decoding=\"async\" width=\"1024\" height=\"576\" data-id=\"218\" src=\"https:\/\/hundegarderobe.hobby-site.com\/wp-content\/uploads\/2024\/12\/Hundegarderobe4-2017-1024x576.jpg\" alt=\"\" class=\"wp-image-218\" srcset=\"https:\/\/hundegarderobe.hobby-site.com\/wp-content\/uploads\/2024\/12\/Hundegarderobe4-2017-1024x576.jpg 1024w, https:\/\/hundegarderobe.hobby-site.com\/wp-content\/uploads\/2024\/12\/Hundegarderobe4-2017-300x169.jpg 300w, https:\/\/hundegarderobe.hobby-site.com\/wp-content\/uploads\/2024\/12\/Hundegarderobe4-2017-768x432.jpg 768w, https:\/\/hundegarderobe.hobby-site.com\/wp-content\/uploads\/2024\/12\/Hundegarderobe4-2017.jpg 1440w\" sizes=\"auto, (max-width: 1024px) 100vw, 1024px\" \/><\/figure>\n\n\n\n<figure class=\"wp-block-image size-large\"><img loading=\"lazy\" decoding=\"async\" width=\"1024\" height=\"392\" data-id=\"217\" src=\"https:\/\/hundegarderobe.hobby-site.com\/wp-content\/uploads\/2024\/12\/Hundegarderobe3-2018-1024x392.jpg\" alt=\"\" class=\"wp-image-217\" srcset=\"https:\/\/hundegarderobe.hobby-site.com\/wp-content\/uploads\/2024\/12\/Hundegarderobe3-2018-1024x392.jpg 1024w, https:\/\/hundegarderobe.hobby-site.com\/wp-content\/uploads\/2024\/12\/Hundegarderobe3-2018-300x115.jpg 300w, https:\/\/hundegarderobe.hobby-site.com\/wp-content\/uploads\/2024\/12\/Hundegarderobe3-2018-768x294.jpg 768w, https:\/\/hundegarderobe.hobby-site.com\/wp-content\/uploads\/2024\/12\/Hundegarderobe3-2018-1536x588.jpg 1536w, https:\/\/hundegarderobe.hobby-site.com\/wp-content\/uploads\/2024\/12\/Hundegarderobe3-2018.jpg 1552w\" sizes=\"auto, (max-width: 1024px) 100vw, 1024px\" \/><\/figure>\n\n\n\n<figure class=\"wp-block-image size-large\"><img loading=\"lazy\" decoding=\"async\" width=\"1024\" height=\"575\" data-id=\"216\" src=\"https:\/\/hundegarderobe.hobby-site.com\/wp-content\/uploads\/2024\/12\/Hundegarderobe2-2017-1024x575.jpg\" alt=\"\" class=\"wp-image-216\" srcset=\"https:\/\/hundegarderobe.hobby-site.com\/wp-content\/uploads\/2024\/12\/Hundegarderobe2-2017-1024x575.jpg 1024w, https:\/\/hundegarderobe.hobby-site.com\/wp-content\/uploads\/2024\/12\/Hundegarderobe2-2017-300x169.jpg 300w, https:\/\/hundegarderobe.hobby-site.com\/wp-content\/uploads\/2024\/12\/Hundegarderobe2-2017-768x431.jpg 768w, https:\/\/hundegarderobe.hobby-site.com\/wp-content\/uploads\/2024\/12\/Hundegarderobe2-2017.jpg 1440w\" sizes=\"auto, (max-width: 1024px) 100vw, 1024px\" \/><\/figure>\n\n\n\n<figure class=\"wp-block-image size-large\"><img loading=\"lazy\" decoding=\"async\" width=\"640\" height=\"360\" data-id=\"215\" src=\"https:\/\/hundegarderobe.hobby-site.com\/wp-content\/uploads\/2024\/12\/Hundegarderobe1-2017.jpg\" alt=\"\" class=\"wp-image-215\" srcset=\"https:\/\/hundegarderobe.hobby-site.com\/wp-content\/uploads\/2024\/12\/Hundegarderobe1-2017.jpg 640w, https:\/\/hundegarderobe.hobby-site.com\/wp-content\/uploads\/2024\/12\/Hundegarderobe1-2017-300x169.jpg 300w\" sizes=\"auto, (max-width: 640px) 100vw, 640px\" \/><\/figure>\n<\/figure>\n\n\n\n<p>Auf Kundenw\u00fcnsche gehe ich nat\u00fcrlich sehr gerne ein und gestallte die Garderobe nach euren Farbw\u00fcnschen.<\/p>\n\n\n\n<p>Preise:<\/p>\n\n\n\n<p>1 &#8211; 6er Haken 60x30x1.8cm          50.-<br>1 &#8211; 8er Haken 80x40x1.8cm         60.-<br>5 &#8211; 10er Haken 120x30x1.8cm    70.-<br>Auch gr\u00f6ssere Gr\u00f6ssen auf&nbsp;Anfrage&nbsp;m\u00f6glich<\/p>\n\n\n\n<p>Der oben genannte Preis gilt bei Abholung. Sollte ein Versand gew\u00fcnscht werden, fallen noch weitere Kosten f\u00fcr Verpackungsmaterial und die Versendungskosten an.<\/p>\n","protected":false},"excerpt":{"rendered":"<p>Auf Kundenw\u00fcnsche gehe ich nat\u00fcrlich sehr gerne ein und gestallte die Garderobe nach euren Farbw\u00fcnschen. Preise: 1 &#8211; 6er Haken 60x30x1.8cm 50.-1 &#8211; 8er Haken 80x40x1.8cm 60.-5 &#8211; 10er Haken 120x30x1.8cm 70.-Auch gr\u00f6ssere Gr\u00f6ssen auf&nbsp;Anfrage&nbsp;m\u00f6glich Der oben genannte Preis gilt bei Abholung. Sollte ein Versand gew\u00fcnscht werden, fallen noch weitere Kosten f\u00fcr Verpackungsmaterial und die [&hellip;]<\/p>\n","protected":false},"author":1,"featured_media":0,"parent":0,"menu_order":0,"comment_status":"closed","ping_status":"closed","template":"","meta":{"footnotes":""},"class_list":["post-76","page","type-page","status-publish","hentry"],"_links":{"self":[{"href":"https:\/\/hundegarderobe.hobby-site.com\/index.php\/wp-json\/wp\/v2\/pages\/76","targetHints":{"allow":["GET"]}}],"collection":[{"href":"https:\/\/hundegarderobe.hobby-site.com\/index.php\/wp-json\/wp\/v2\/pages"}],"about":[{"href":"https:\/\/hundegarderobe.hobby-site.com\/index.php\/wp-json\/wp\/v2\/types\/page"}],"author":[{"embeddable":true,"href":"https:\/\/hundegarderobe.hobby-site.com\/index.php\/wp-json\/wp\/v2\/users\/1"}],"replies":[{"embeddable":true,"href":"https:\/\/hundegarderobe.hobby-site.com\/index.php\/wp-json\/wp\/v2\/comments?post=76"}],"version-history":[{"count":24,"href":"https:\/\/hundegarderobe.hobby-site.com\/index.php\/wp-json\/wp\/v2\/pages\/76\/revisions"}],"predecessor-version":[{"id":231,"href":"https:\/\/hundegarderobe.hobby-site.com\/index.php\/wp-json\/wp\/v2\/pages\/76\/revisions\/231"}],"wp:attachment":[{"href":"https:\/\/hundegarderobe.hobby-site.com\/index.php\/wp-json\/wp\/v2\/media?parent=76"}],"curies":[{"name":"wp","href":"https:\/\/api.w.org\/{rel}","templated":true}]}}